{"id":7,"date":"2025-07-29T00:51:07","date_gmt":"2025-07-29T00:51:07","guid":{"rendered":"https:\/\/scuderia.ec\/?page_id=7"},"modified":"2025-07-28T22:00:07","modified_gmt":"2025-07-29T03:00:07","slug":"home","status":"publish","type":"page","link":"https:\/\/scuderia.ec\/","title":{"rendered":"Home"},"content":{"rendered":"\t\t<div data-elementor-type=\"wp-page\" data-elementor-id=\"7\" class=\"elementor elementor-7\">\n\t\t\t\t<div class=\"elementor-element elementor-element-b741c7e e-flex e-con-boxed e-con e-parent\" data-id=\"b741c7e\" data-element_type=\"container\" data-settings=\"{&quot;background_background&quot;:&quot;classic&quot;}\">\n\t\t\t\t\t<div class=\"e-con-inner\">\n\t\t\t\t<div class=\"elementor-element elementor-element-e6aa2fe elementor-widget elementor-widget-heading\" data-id=\"e6aa2fe\" data-element_type=\"widget\" data-widget_type=\"heading.default\">\n\t\t\t\t\t<h2 class=\"elementor-heading-title elementor-size-default\">SCUDERIA URDESA<\/h2>\t\t\t\t<\/div>\n\t\t\t\t\t<\/div>\n\t\t\t\t<\/div>\n\t\t<div class=\"elementor-element elementor-element-c558f53 e-flex e-con-boxed e-con e-parent\" data-id=\"c558f53\" data-element_type=\"container\">\n\t\t\t\t\t<div class=\"e-con-inner\">\n\t\t\t\t<div class=\"elementor-element elementor-element-5df06c7 elementor-widget elementor-widget-image\" data-id=\"5df06c7\" data-element_type=\"widget\" data-widget_type=\"image.default\">\n\t\t\t\t\t\t\t\t\t\t\t\t\t\t\t<img fetchpriority=\"high\" decoding=\"async\" width=\"1024\" height=\"675\" src=\"https:\/\/scuderia.ec\/wp-content\/uploads\/2025\/07\/SCUDERIA-URDESA-FACHADA-min-1024x675.png\" class=\"attachment-large size-large wp-image-11\" alt=\"\" srcset=\"https:\/\/scuderia.ec\/wp-content\/uploads\/2025\/07\/SCUDERIA-URDESA-FACHADA-min-1024x675.png 1024w, https:\/\/scuderia.ec\/wp-content\/uploads\/2025\/07\/SCUDERIA-URDESA-FACHADA-min-300x198.png 300w, https:\/\/scuderia.ec\/wp-content\/uploads\/2025\/07\/SCUDERIA-URDESA-FACHADA-min-768x506.png 768w, https:\/\/scuderia.ec\/wp-content\/uploads\/2025\/07\/SCUDERIA-URDESA-FACHADA-min.png 1172w\" sizes=\"(max-width: 1024px) 100vw, 1024px\" \/>\t\t\t\t\t\t\t\t\t\t\t\t\t\t\t<\/div>\n\t\t\t\t\t<\/div>\n\t\t\t\t<\/div>\n\t\t<div class=\"elementor-element elementor-element-9ebc818 e-flex e-con-boxed e-con e-parent\" data-id=\"9ebc818\" data-element_type=\"container\">\n\t\t\t\t\t<div class=\"e-con-inner\">\n\t\t\t\t<div class=\"elementor-element elementor-element-512e02d elementor-widget elementor-widget-text-editor\" data-id=\"512e02d\" data-element_type=\"widget\" data-widget_type=\"text-editor.default\">\n\t\t\t\t\t\t\t\t\t<p dir=\"ltr\">Es una empresa dedica al detailing de veh\u00edculos con servicio de lubricaci\u00f3n y lavado interior y exterior as\u00ed como tambi\u00e9n brindamos asesor\u00eda en el cuidado de su motor, del tapizado\u00a0 interior y de la pintura de su veh\u00edculo utilizando las mejores marcas de productos.<\/p>\t\t\t\t\t\t\t\t<\/div>\n\t\t\t\t\t<\/div>\n\t\t\t\t<\/div>\n\t\t<div class=\"elementor-element elementor-element-ac71e4e e-flex e-con-boxed e-con e-parent\" data-id=\"ac71e4e\" data-element_type=\"container\">\n\t\t\t\t\t<div class=\"e-con-inner\">\n\t\t\t\t<div class=\"elementor-element elementor-element-6f1bba6 elementor-widget-divider--view-line elementor-widget elementor-widget-divider\" data-id=\"6f1bba6\" data-element_type=\"widget\" data-widget_type=\"divider.default\">\n\t\t\t\t\t\t\t<div class=\"elementor-divider\">\n\t\t\t<span class=\"elementor-divider-separator\">\n\t\t\t\t\t\t<\/span>\n\t\t<\/div>\n\t\t\t\t\t\t<\/div>\n\t\t\t\t\t<\/div>\n\t\t\t\t<\/div>\n\t\t<div class=\"elementor-element elementor-element-5b6a204 e-flex e-con-boxed e-con e-parent\" data-id=\"5b6a204\" data-element_type=\"container\">\n\t\t\t\t\t<div class=\"e-con-inner\">\n\t\t\t\t<div class=\"elementor-element elementor-element-424d9e2 elementor-widget elementor-widget-heading\" data-id=\"424d9e2\" data-element_type=\"widget\" data-widget_type=\"heading.default\">\n\t\t\t\t\t<h2 class=\"elementor-heading-title elementor-size-default\">Servicios<\/h2>\t\t\t\t<\/div>\n\t\t\t\t\t<\/div>\n\t\t\t\t<\/div>\n\t\t<div class=\"elementor-element elementor-element-ccb9e7a e-grid e-con-boxed e-con e-parent\" data-id=\"ccb9e7a\" data-element_type=\"container\">\n\t\t\t\t\t<div class=\"e-con-inner\">\n\t\t\t\t<div class=\"elementor-element elementor-element-87c4d51 elementor-widget elementor-widget-image\" data-id=\"87c4d51\" data-element_type=\"widget\" data-widget_type=\"image.default\">\n\t\t\t\t\t\t\t\t\t\t\t\t\t\t\t<img decoding=\"async\" width=\"812\" height=\"618\" src=\"https:\/\/scuderia.ec\/wp-content\/uploads\/2025\/07\/SCUDERIA-URDESA-LAVADO-2-min.png\" class=\"attachment-large size-large wp-image-12\" alt=\"\" srcset=\"https:\/\/scuderia.ec\/wp-content\/uploads\/2025\/07\/SCUDERIA-URDESA-LAVADO-2-min.png 812w, https:\/\/scuderia.ec\/wp-content\/uploads\/2025\/07\/SCUDERIA-URDESA-LAVADO-2-min-300x228.png 300w, https:\/\/scuderia.ec\/wp-content\/uploads\/2025\/07\/SCUDERIA-URDESA-LAVADO-2-min-768x585.png 768w\" sizes=\"(max-width: 812px) 100vw, 812px\" \/>\t\t\t\t\t\t\t\t\t\t\t\t\t\t\t<\/div>\n\t\t\t\t<div class=\"elementor-element elementor-element-eeb57c1 elementor-widget elementor-widget-text-editor\" data-id=\"eeb57c1\" data-element_type=\"widget\" data-widget_type=\"text-editor.default\">\n\t\t\t\t\t\t\t\t\t<p><em><strong>Lavado completo del veh\u00edculo\u00a0<br \/><\/strong><\/em>Abarcando lavado de chasis motor y aspirado.<\/p>\t\t\t\t\t\t\t\t<\/div>\n\t\t\t\t<div class=\"elementor-element elementor-element-fe194ee elementor-widget elementor-widget-text-editor\" data-id=\"fe194ee\" data-element_type=\"widget\" data-widget_type=\"text-editor.default\">\n\t\t\t\t\t\t\t\t\t<p><em><strong>Cambio y mantenimiento de fluidos<br \/><\/strong><\/em>Cambio de aceite de motor, refrigerante y\u00a0 fluido de direcci\u00f3n completo del veh\u00edculo v\u00eda di\u00e1lisis.<\/p>\t\t\t\t\t\t\t\t<\/div>\n\t\t\t\t<div class=\"elementor-element elementor-element-5eff672 elementor-widget elementor-widget-image\" data-id=\"5eff672\" data-element_type=\"widget\" data-widget_type=\"image.default\">\n\t\t\t\t\t\t\t\t\t\t\t\t\t\t\t<img decoding=\"async\" width=\"225\" height=\"300\" src=\"https:\/\/scuderia.ec\/wp-content\/uploads\/2025\/07\/SCUDERIA-URDESA-CAMBIO-DE-DIRECCION-min-225x300.jpg\" class=\"attachment-medium size-medium wp-image-13\" alt=\"\" srcset=\"https:\/\/scuderia.ec\/wp-content\/uploads\/2025\/07\/SCUDERIA-URDESA-CAMBIO-DE-DIRECCION-min-225x300.jpg 225w, https:\/\/scuderia.ec\/wp-content\/uploads\/2025\/07\/SCUDERIA-URDESA-CAMBIO-DE-DIRECCION-min-768x1024.jpg 768w, https:\/\/scuderia.ec\/wp-content\/uploads\/2025\/07\/SCUDERIA-URDESA-CAMBIO-DE-DIRECCION-min.jpg 960w\" sizes=\"(max-width: 225px) 100vw, 225px\" \/>\t\t\t\t\t\t\t\t\t\t\t\t\t\t\t<\/div>\n\t\t\t\t<div class=\"elementor-element elementor-element-1f2e42e elementor-widget elementor-widget-image\" data-id=\"1f2e42e\" data-element_type=\"widget\" data-widget_type=\"image.default\">\n\t\t\t\t\t\t\t\t\t\t\t\t\t\t\t<img loading=\"lazy\" decoding=\"async\" width=\"1024\" height=\"1012\" src=\"https:\/\/scuderia.ec\/wp-content\/uploads\/2025\/07\/SCUDERIA-URDESA-PULITURA-min-1024x1012.jpg\" class=\"attachment-large size-large wp-image-14\" alt=\"\" srcset=\"https:\/\/scuderia.ec\/wp-content\/uploads\/2025\/07\/SCUDERIA-URDESA-PULITURA-min-1024x1012.jpg 1024w, https:\/\/scuderia.ec\/wp-content\/uploads\/2025\/07\/SCUDERIA-URDESA-PULITURA-min-300x296.jpg 300w, https:\/\/scuderia.ec\/wp-content\/uploads\/2025\/07\/SCUDERIA-URDESA-PULITURA-min-768x759.jpg 768w, https:\/\/scuderia.ec\/wp-content\/uploads\/2025\/07\/SCUDERIA-URDESA-PULITURA-min.jpg 1080w\" sizes=\"(max-width: 1024px) 100vw, 1024px\" \/>\t\t\t\t\t\t\t\t\t\t\t\t\t\t\t<\/div>\n\t\t\t\t<div class=\"elementor-element elementor-element-18d8ead elementor-widget elementor-widget-text-editor\" data-id=\"18d8ead\" data-element_type=\"widget\" data-widget_type=\"text-editor.default\">\n\t\t\t\t\t\t\t\t\t<p><em><strong>Detailing<br \/><\/strong><\/em>Servicios de encerado, pulitura, y aplicaci\u00f3n de cer\u00e1mico para el cuidado de tu pintura.<\/p>\t\t\t\t\t\t\t\t<\/div>\n\t\t\t\t<div class=\"elementor-element elementor-element-43534c4 elementor-widget elementor-widget-text-editor\" data-id=\"43534c4\" data-element_type=\"widget\" data-widget_type=\"text-editor.default\">\n\t\t\t\t\t\t\t\t\t<p><em><strong>Servicio de mec\u00e1nica<br \/><\/strong><\/em>Mantenimiento de frenos, escaner, instalaci\u00f3n de filtro racor entre otros.\u00a0<\/p>\t\t\t\t\t\t\t\t<\/div>\n\t\t\t\t<div class=\"elementor-element elementor-element-474d0eb elementor-widget elementor-widget-image\" data-id=\"474d0eb\" data-element_type=\"widget\" data-widget_type=\"image.default\">\n\t\t\t\t\t\t\t\t\t\t\t\t\t\t\t<img loading=\"lazy\" decoding=\"async\" width=\"976\" height=\"776\" src=\"https:\/\/scuderia.ec\/wp-content\/uploads\/2025\/07\/SCUDERIA-URDESA-MECANICO-min.png\" class=\"attachment-large size-large wp-image-15\" alt=\"\" srcset=\"https:\/\/scuderia.ec\/wp-content\/uploads\/2025\/07\/SCUDERIA-URDESA-MECANICO-min.png 976w, https:\/\/scuderia.ec\/wp-content\/uploads\/2025\/07\/SCUDERIA-URDESA-MECANICO-min-300x239.png 300w, https:\/\/scuderia.ec\/wp-content\/uploads\/2025\/07\/SCUDERIA-URDESA-MECANICO-min-768x611.png 768w\" sizes=\"(max-width: 976px) 100vw, 976px\" \/>\t\t\t\t\t\t\t\t\t\t\t\t\t\t\t<\/div>\n\t\t\t\t\t<\/div>\n\t\t\t\t<\/div>\n\t\t<div class=\"elementor-element elementor-element-363d97d e-flex e-con-boxed e-con e-parent\" data-id=\"363d97d\" data-element_type=\"container\">\n\t\t\t\t\t<div class=\"e-con-inner\">\n\t\t\t\t<div class=\"elementor-element elementor-element-5dc2aa5 elementor-widget elementor-widget-text-editor\" data-id=\"5dc2aa5\" data-element_type=\"widget\" data-widget_type=\"text-editor.default\">\n\t\t\t\t\t\t\t\t\t<p>Los esperamos en Scuderia Urdesa en los siguientes horarios:<\/p><ul><li>Lunes a Viernes de 8h00 a 17h00<\/li><li>S\u00e1bados de 8h00 a 15h00<\/li><\/ul>\t\t\t\t\t\t\t\t<\/div>\n\t\t\t\t\t<\/div>\n\t\t\t\t<\/div>\n\t\t\t\t<\/div>\n\t\t","protected":false},"excerpt":{"rendered":"<p>SCUDERIA URDESA Es una empresa dedica al detailing de veh\u00edculos con servicio de lubricaci\u00f3n y lavado interior y exterior as\u00ed como tambi\u00e9n brindamos asesor\u00eda en el cuidado de su motor, del tapizado\u00a0 interior y de la pintura de su veh\u00edculo utilizando las mejores marcas de productos. Servicios Lavado completo del veh\u00edculo\u00a0Abarcando lavado de chasis motor [&hellip;]<\/p>\n","protected":false},"author":1,"featured_media":0,"parent":0,"menu_order":1,"comment_status":"closed","ping_status":"closed","template":"","meta":{"footnotes":""},"class_list":["post-7","page","type-page","status-publish","hentry"],"_links":{"self":[{"href":"https:\/\/scuderia.ec\/index.php\/wp-json\/wp\/v2\/pages\/7","targetHints":{"allow":["GET"]}}],"collection":[{"href":"https:\/\/scuderia.ec\/index.php\/wp-json\/wp\/v2\/pages"}],"about":[{"href":"https:\/\/scuderia.ec\/index.php\/wp-json\/wp\/v2\/types\/page"}],"author":[{"embeddable":true,"href":"https:\/\/scuderia.ec\/index.php\/wp-json\/wp\/v2\/users\/1"}],"replies":[{"embeddable":true,"href":"https:\/\/scuderia.ec\/index.php\/wp-json\/wp\/v2\/comments?post=7"}],"version-history":[{"count":12,"href":"https:\/\/scuderia.ec\/index.php\/wp-json\/wp\/v2\/pages\/7\/revisions"}],"predecessor-version":[{"id":26,"href":"https:\/\/scuderia.ec\/index.php\/wp-json\/wp\/v2\/pages\/7\/revisions\/26"}],"wp:attachment":[{"href":"https:\/\/scuderia.ec\/index.php\/wp-json\/wp\/v2\/media?parent=7"}],"curies":[{"name":"wp","href":"https:\/\/api.w.org\/{rel}","templated":true}]}}